{"id":1000,"date":"2022-01-04T22:45:51","date_gmt":"2022-01-04T22:45:51","guid":{"rendered":"https:\/\/campandrews.org\/contacto\/"},"modified":"2022-08-10T22:09:38","modified_gmt":"2022-08-10T22:09:38","slug":"contacto","status":"publish","type":"page","link":"https:\/\/campandrews.org\/es\/contacto\/","title":{"rendered":"Contacto"},"content":{"rendered":"\n<h1>\n  Nos encantar\u00eda saber de ti,  <br>Ponte en contacto.\n\t<\/h1>\n\t\t\t<h3>Contacto<\/h3>\n\t\t\n                        <form method=\"post\" enctype=\"multipart\/form-data\" target=\"gform_ajax_frame_1\" id=\"gform_1\" action=\"\/?page_id=44&amp;fl_builder#gf_1\">\n                        <ul id=\"gform_fields_1\" class=\"gform_fields top_label form_sublabel_below description_below\"><li id=\"field_1_1\" data-js-reload=\"field_1_1\"><label class=\"gfield_label gfield_label_before_complex\">Nombre<\/label>\n                                                    <input type=\"text\" name=\"input_1.3\" id=\"input_1_1_3\" value=\"\" tabindex=\"101\" aria-required=\"false\">\n                                                    <label for=\"input_1_1_3\">En primer lugar<\/label>\n                                                    <input type=\"text\" name=\"input_1.6\" id=\"input_1_1_6\" value=\"\" tabindex=\"103\" aria-required=\"false\">\n                                                    <label for=\"input_1_1_6\">\u00daltima<\/label>\n                        <\/li><li id=\"field_1_2\" data-js-reload=\"field_1_2\"><label class=\"gfield_label\" for=\"input_1_2\">Env\u00ede un correo electr\u00f3nico a<\/label>\n                            <input name=\"input_2\" id=\"input_1_2\" type=\"text\" value=\"\" class=\"medium\" tabindex=\"105\" aria-invalid=\"false\">\n                        <\/li><li id=\"field_1_3\" data-js-reload=\"field_1_3\"><label class=\"gfield_label\" for=\"input_1_3\">Mensaje<\/label><textarea name=\"input_3\" id=\"input_1_3\" class=\"textarea medium\" tabindex=\"106\" aria-invalid=\"false\" rows=\"10\" cols=\"50\"><\/textarea><\/li><li id=\"field_1_4\" data-js-reload=\"field_1_4\"><label class=\"gfield_label\" for=\"input_1_4\">CAPTCHA<\/label><\/li><\/ul>\n         <input type=\"submit\" id=\"gform_submit_button_1\" class=\"gform_button button\" value=\"Enviar\" tabindex=\"108\" onclick=\"if(window[\"gf_submitting_1\"]){return false;} window[\"gf_submitting_1\"]=true;  \" onkeypress=\"if( event.keyCode == 13 ){ if(window[\"gf_submitting_1\"]){return false;} window[\"gf_submitting_1\"]=true; jQuery(\"#gform_1\").trigger(\"submit\",[true]); }\"> <input type=\"hidden\" name=\"gform_ajax\" value=\"form_id=1&amp;title=&amp;description=1&amp;tabindex=100\">\n            <input type=\"hidden\" class=\"gform_hidden\" name=\"is_submit_1\" value=\"1\">\n            <input type=\"hidden\" class=\"gform_hidden\" name=\"gform_submit\" value=\"1\">\n            <input type=\"hidden\" class=\"gform_hidden\" name=\"gform_unique_id\" value=\"\">\n            <input type=\"hidden\" class=\"gform_hidden\" name=\"state_1\" value=\"WyJbXSIsImZmDRjMGQ5YWE4ZTUwYTllMWFhOWYyYWRmODM0ZGVjIl0=\">\n            <input type=\"hidden\" class=\"gform_hidden\" name=\"gform_target_page_number_1\" id=\"gform_target_page_number_1\" value=\"0\">\n            <input type=\"hidden\" class=\"gform_hidden\" name=\"gform_source_page_number_1\" id=\"gform_source_page_number_1\" value=\"1\">\n            <input type=\"hidden\" name=\"gform_field_values\" value=\"\">\n                        <\/form>\n                <iframe style=\"display:none;width:0px;height:0px;\" src=\"about:blank\" name=\"gform_ajax_frame_1\" id=\"gform_ajax_frame_1\" title=\"Este iframe contiene la l\u00f3gica necesaria para manejar los formularios Gravity con tecnolog\u00eda Ajax.\"><\/iframe>\n\t\t\t\t<p><a href=\"mailto:reservations@campandrews.org\">reservations@campandrews.org<\/a><\/p>\n\t\t\t\t<p>(717) 284-2624<\/p>\n\t\t\t\t<p>1226 Silver Spring Road Holtwood, PA 17532<\/p>\n\t<iframe src=\"https:\/\/www.google.com\/maps\/embed\/v1\/place?q=1226+Silver+Spring+Road+Holtwood%2C+PA+17532&amp;key=AIzaSyD09zQ9PNDNNy9TadMuzRV_UsPUoWKntt8\" aria-hidden=\"true\"><\/iframe>\n\n","protected":false},"excerpt":{"rendered":"<p>Nos encantar\u00eda saber de ti, Ponte en contacto. Contacto Nombre En primer lugar \u00daltima Env\u00ede un correo electr\u00f3nico a Mensaje CAPTCHA reservations@campandrews.org (717) 284-2624 1226 Silver Spring Road Holtwood, PA 17532<\/p>\n","protected":false},"author":4,"featured_media":0,"parent":0,"menu_order":0,"comment_status":"closed","ping_status":"closed","template":"","meta":{"footnotes":""},"class_list":["post-1000","page","type-page","status-publish","hentry"],"_links":{"self":[{"href":"https:\/\/campandrews.org\/es\/wp-json\/wp\/v2\/pages\/1000","targetHints":{"allow":["GET"]}}],"collection":[{"href":"https:\/\/campandrews.org\/es\/wp-json\/wp\/v2\/pages"}],"about":[{"href":"https:\/\/campandrews.org\/es\/wp-json\/wp\/v2\/types\/page"}],"author":[{"embeddable":true,"href":"https:\/\/campandrews.org\/es\/wp-json\/wp\/v2\/users\/4"}],"replies":[{"embeddable":true,"href":"https:\/\/campandrews.org\/es\/wp-json\/wp\/v2\/comments?post=1000"}],"version-history":[{"count":1,"href":"https:\/\/campandrews.org\/es\/wp-json\/wp\/v2\/pages\/1000\/revisions"}],"predecessor-version":[{"id":1094,"href":"https:\/\/campandrews.org\/es\/wp-json\/wp\/v2\/pages\/1000\/revisions\/1094"}],"wp:attachment":[{"href":"https:\/\/campandrews.org\/es\/wp-json\/wp\/v2\/media?parent=1000"}],"curies":[{"name":"wp","href":"https:\/\/api.w.org\/{rel}","templated":true}]}}