{"id":1001,"date":"2022-07-14T18:35:38","date_gmt":"2022-07-14T18:35:38","guid":{"rendered":"https:\/\/campandrews.org\/contacto\/formularios-y-documentos\/"},"modified":"2022-08-10T22:09:25","modified_gmt":"2022-08-10T22:09:25","slug":"formularios-y-documentos","status":"publish","type":"page","link":"https:\/\/campandrews.org\/es\/contacto\/formularios-y-documentos\/","title":{"rendered":"Formularios y documentos"},"content":{"rendered":"\n<h1>\n  Formularios y documentos\n\t<\/h1>\n\t<a href=\"https:\/\/campandrews.org\/es\/reservas\/\" target=\"_self\" aria-label=\"Go to \/reservations\/\" rel=\"noopener\"><\/a>\n\t\t\t\t<img decoding=\"async\" src=\"https:\/\/campandrews.org\/wp-content\/uploads\/bb-plugin\/cache\/general-camp9-150x150-square.jpg\" alt=\"campamento general9\" title=\"campamento general9\" itemprop=\"image\">\n\t\t<h3>Reservar<\/h3>\t\t\t\n\t<a href=\"https:\/\/campandrews.org\/es\/tarifas\/\" target=\"_self\" aria-label=\"Go to \/rates\/\" rel=\"noopener\"><\/a>\n\t\t\t\t<img decoding=\"async\" src=\"https:\/\/campandrews.org\/wp-content\/uploads\/bb-plugin\/cache\/creek-view-lodge1-square.jpg\" alt=\"creek view lodge1\" title=\"creek view lodge1\" itemprop=\"image\">\n\t\t<h3>Tarifas actuales<\/h3>\t\t\t\n\t<a href=\"https:\/\/campandrews.org\/wp-content\/uploads\/2022\/07\/guest-policies.pdf\" target=\"_blank\" rel=\"noopener\" aria-label=\"Go to https:\/\/campandrews.org\/wp-content\/uploads\/2022\/07\/guest-policies.pdf\"><\/a>\n\t\t\t\t<img decoding=\"async\" src=\"https:\/\/campandrews.org\/wp-content\/uploads\/bb-plugin\/cache\/general-camp1-200x300-square.jpg\" alt=\"campamento general1\" title=\"campamento general1\" itemprop=\"image\">\n\t\t<h3>Pol\u00edticas<\/h3>\t\t\t\n\t<a href=\"https:\/\/campandrews.org\/wp-content\/uploads\/2022\/07\/Camper-Waiver.pdf\" target=\"_blank\" rel=\"noopener\" aria-label=\"Go to https:\/\/campandrews.org\/wp-content\/uploads\/2022\/07\/Camper-Waiver.pdf\"><\/a>\n\t\t\t\t<img decoding=\"async\" src=\"https:\/\/campandrews.org\/wp-content\/uploads\/bb-plugin\/cache\/hr6-300x200-square.jpg\" alt=\"cursos de cuerdas\" title=\"cursos de cuerdas\" itemprop=\"image\">\n\t\t<h3>Formulario de renuncia del campista (campamentos de verano)<\/h3>\t\t\t\n\t<a href=\"https:\/\/campandrews.org\/wp-content\/uploads\/2022\/07\/Sponsor-a-Camper.pdf\" target=\"_blank\" rel=\"noopener\" aria-label=\"Go to https:\/\/campandrews.org\/wp-content\/uploads\/2022\/07\/Sponsor-a-Camper.pdf\"><\/a>\n\t\t\t\t<img decoding=\"async\" src=\"https:\/\/campandrews.org\/wp-content\/uploads\/bb-plugin\/cache\/hr1-300x200-square.jpg\" alt=\"cursos de cuerdas\" title=\"cursos de cuerdas\" itemprop=\"image\">\n\t\t<h3>Apadrina un campista<\/h3>\t\t\t\n\t<a href=\"https:\/\/campandrews.org\/wp-content\/uploads\/2022\/07\/Association-Membership.pdf\" target=\"_blank\" rel=\"noopener\" aria-label=\"Go to https:\/\/campandrews.org\/wp-content\/uploads\/2022\/07\/Association-Membership.pdf\"><\/a>\n\t\t\t\t<img decoding=\"async\" src=\"https:\/\/campandrews.org\/wp-content\/uploads\/bb-plugin\/cache\/kids-camps34-300x200-square.jpg\" alt=\"campamentos para ni\u00f1os34\" title=\"campamentos para ni\u00f1os34\" itemprop=\"image\">\n\t\t<h3>Afiliaci\u00f3n a la Asociaci\u00f3n<\/h3>\t\t\t\n\t<a href=\"https:\/\/campandrews.org\/wp-content\/uploads\/2022\/07\/Kitchen-Health-Codes.pdf\" target=\"_blank\" rel=\"noopener\" aria-label=\"Go to https:\/\/campandrews.org\/wp-content\/uploads\/2022\/07\/Kitchen-Health-Codes.pdf\"><\/a>\n\t\t\t\t<img decoding=\"async\" src=\"https:\/\/campandrews.org\/wp-content\/uploads\/bb-plugin\/cache\/kids-camps12-300x200-square.jpg\" alt=\"campamentos para ni\u00f1os12\" title=\"campamentos para ni\u00f1os12\" itemprop=\"image\">\n\t\t<h3>C\u00f3digos sanitarios de la cocina<\/h3>\t\t\t\n\t\t\t<a href=\"https:\/\/campandrews.org\/wp-content\/uploads\/2022\/07\/DirectionsBaltimore.pdf\" target=\"_blank\" rel=\"noopener\" role=\"button\" aria-label=\"Directions from &lt;encoded_tag_open \/&gt;br&lt;encoded_tag_closed \/&gt; Baltimore\">\n  Direcciones desde  <br>  Baltimore\n\t\t<\/a>\n\t\t\t<a href=\"https:\/\/campandrews.org\/wp-content\/uploads\/2022\/07\/DirectionsPhiladelphia.pdf\" target=\"_blank\" rel=\"noopener\" role=\"button\" aria-label=\"Directions From &lt;encoded_tag_open \/&gt;br&lt;encoded_tag_closed \/&gt; Philadelphia\">\n  Direcciones desde  <br>  Filadelfia\n\t\t<\/a>\n\n","protected":false},"excerpt":{"rendered":"<p>Formularios y documentos Reservar Tarifas actuales Pol\u00edticas Formulario de renuncia del campista (campamentos de verano) Apadrina un campista Afiliaci\u00f3n a la Asociaci\u00f3n C\u00f3digos sanitarios de la cocina Direcciones desde Baltimore Direcciones desde Filadelfia<\/p>\n","protected":false},"author":4,"featured_media":0,"parent":1000,"menu_order":0,"comment_status":"closed","ping_status":"closed","template":"","meta":{"footnotes":""},"class_list":["post-1001","page","type-page","status-publish","hentry"],"_links":{"self":[{"href":"https:\/\/campandrews.org\/es\/wp-json\/wp\/v2\/pages\/1001","targetHints":{"allow":["GET"]}}],"collection":[{"href":"https:\/\/campandrews.org\/es\/wp-json\/wp\/v2\/pages"}],"about":[{"href":"https:\/\/campandrews.org\/es\/wp-json\/wp\/v2\/types\/page"}],"author":[{"embeddable":true,"href":"https:\/\/campandrews.org\/es\/wp-json\/wp\/v2\/users\/4"}],"replies":[{"embeddable":true,"href":"https:\/\/campandrews.org\/es\/wp-json\/wp\/v2\/comments?post=1001"}],"version-history":[{"count":2,"href":"https:\/\/campandrews.org\/es\/wp-json\/wp\/v2\/pages\/1001\/revisions"}],"predecessor-version":[{"id":1091,"href":"https:\/\/campandrews.org\/es\/wp-json\/wp\/v2\/pages\/1001\/revisions\/1091"}],"up":[{"embeddable":true,"href":"https:\/\/campandrews.org\/es\/wp-json\/wp\/v2\/pages\/1000"}],"wp:attachment":[{"href":"https:\/\/campandrews.org\/es\/wp-json\/wp\/v2\/media?parent=1001"}],"curies":[{"name":"wp","href":"https:\/\/api.w.org\/{rel}","templated":true}]}}