{"id":1006,"date":"2022-07-15T14:30:28","date_gmt":"2022-07-15T18:30:28","guid":{"rendered":"https:\/\/campandrews.org\/instalaciones\/cabanas\/"},"modified":"2022-09-06T18:24:51","modified_gmt":"2022-09-06T18:24:51","slug":"cabanas","status":"publish","type":"page","link":"https:\/\/campandrews.org\/es\/instalaciones\/cabanas\/","title":{"rendered":"Caba\u00f1as"},"content":{"rendered":"\n<h1>\n  Caba\u00f1as\n\t<\/h1>\n\t<p>Las caba\u00f1as ofrecen alojamiento para un m\u00e1ximo de 80 personas. Hay 8 caba\u00f1as diferentes, todas invernadas y con calefacci\u00f3n de gas.<\/p>\n<p>Hay una casa de duchas para los que se alojan en las caba\u00f1as. Contiene ba\u00f1os y 8 duchas. La casa de ba\u00f1os de la piscina est\u00e1 abierta desde el D\u00eda de los Ca\u00eddos hasta el D\u00eda del Trabajo y en invierno si se solicita. Incluye ba\u00f1os y duchas situados junto a la capilla.<\/p>\n\t<table border=\"0\" width=\"670\" cellpadding=\"10\">\n<tbody>\n<tr>\n<td>\n<strong>Nombre de la cabina<\/strong>\n<\/td>\n<td>\n<strong>Duerme<\/strong>\n<\/td>\n<td>\n<strong>Calefacci\u00f3n<\/strong>\n<\/td>\n\n<\/tr>\n<tr>\n<td width=\"143\">\nLa Guarida del Le\u00f3n\n<\/td>\n<td width=\"157\">\n10\n<\/td>\n<td width=\"156\">\nGas\n<\/td>\n<td width=\"196\">\nBa\u00f1o y ducha privados\n<\/td>\n<\/tr>\n<tr>\n<td>\nHormiguero\n<\/td>\n<td>\n8\n<\/td>\n<td>\nGas\n<\/td>\n<td>\nCasa de la Ducha\n<\/td>\n<\/tr>\n<tr>\n<td>\nColmena\n<\/td>\n<td>\n8\n<\/td>\n<td>\nGas\n<\/td>\n<td>\nCasa de la Ducha\n<\/td>\n<\/tr>\n<tr>\n<td>\nMadriguera Chipmonk\n<\/td>\n<td>\n8\n<\/td>\n<td>\nGas\n<\/td>\n<td>\nCasa de la Ducha\n<\/td>\n<\/tr>\n<tr>\n<td>\nNido de Ardilla\n<\/td>\n<td>\n16 (2 Habitaciones)\n<\/td>\n<td>\nGas\n<\/td>\n<td>\nCasa de la Ducha\n<\/td>\n<\/tr>\n<tr>\n<td>\nNido de \u00c1guila\n<\/td>\n<td>  10<\/td>\n<td>\nGas\n<\/td>\n<td>\nCasa de la Ducha\n<\/td>\n<\/tr>\n<tr>\n<td>\nCueva del Oso\n<\/td>\n<td>\n10\n<\/td>\n<td>\nGas\n<\/td>\n<td>\nCasa de la Ducha\n<\/td>\n<\/tr>\n<tr>\n<td>\nPresa del Castor\n<\/td>\n<td>\n10\n<\/td>\n<td>\nGas\n<\/td>\n<td>\nCasa de la Ducha\n<\/td>\n<\/tr>\n<\/tbody>\n<\/table>\n<h2>\n  Galer\u00eda de fotos:\n\t<\/h2>\n\t<h3><strong>Vea nuestras otras instalaciones o <a href=\"https:\/\/campandrews.org\/wp-content\/uploads\/2022\/07\/Camp-Map.pdf\">el mapa del campus<\/a>:<\/strong><\/h3>\n\t<a href=\"https:\/\/campandrews.org\/es\/instalaciones\/pine-view-lodge\/\" target=\"_self\" aria-label=\"Go to \/facilities\/pine-view-lodge\/\" rel=\"noopener\"><\/a>\n\t\t\t\t<img decoding=\"async\" src=\"https:\/\/campandrews.org\/wp-content\/uploads\/bb-plugin\/cache\/pine-view-lodge5-300x194-square.jpg\" alt=\"pino vista lodge5\" title=\"pino vista lodge5\" itemprop=\"image\">\n\t\t<h3>Pine View Lodge<\/h3>\t\t\t\n\t<a href=\"https:\/\/campandrews.org\/es\/instalaciones\/casa-de-campo-oak-view\/\" target=\"_blank\" rel=\"noopener\" aria-label=\"Go to \/facilities\/oak-view-lodge\/\"><\/a>\n\t\t\t\t<img decoding=\"async\" src=\"https:\/\/campandrews.org\/wp-content\/uploads\/bb-plugin\/cache\/oak-view-lodge3-300x200-square.jpg\" alt=\"oak view lodge3\" title=\"oak view lodge3\" itemprop=\"image\">\n\t\t<h3>Casa de campo Oak View<\/h3>\t\t\t\n\t<a href=\"https:\/\/campandrews.org\/es\/instalaciones\/creek-view-lodge\/\" target=\"_self\" aria-label=\"Go to \/facilities\/creek-view-lodge\/\" rel=\"noopener\"><\/a>\n\t\t\t\t<img decoding=\"async\" src=\"https:\/\/campandrews.org\/wp-content\/uploads\/bb-plugin\/cache\/creek-view-lodge1-300x225-square.jpg\" alt=\"creek view lodge1\" title=\"creek view lodge1\" itemprop=\"image\">\n\t\t<h3>Creek View Lodge<\/h3>\t\t\t\n\t<a href=\"https:\/\/campandrews.org\/es\/instalaciones\/gimnasio-spruce-center\/\" target=\"_self\" aria-label=\"Go to \/facilities\/spruce-center-gym\/\" rel=\"noopener\"><\/a>\n\t\t\t\t<img decoding=\"async\" src=\"https:\/\/campandrews.org\/wp-content\/uploads\/bb-plugin\/cache\/spruce-center2-300x194-square.jpg\" alt=\"centro del abeto2\" title=\"centro del abeto2\" itemprop=\"image\">\n\t\t<h3>Gimnasio Spruce Center<\/h3>\t\t\t\n\t<a href=\"https:\/\/campandrews.org\/es\/instalaciones\/cabanas\/\" target=\"_self\" aria-label=\"Go to \/facilities\/cabins\/\" rel=\"noopener\"><\/a>\n\t\t\t\t<img decoding=\"async\" src=\"https:\/\/campandrews.org\/wp-content\/uploads\/bb-plugin\/cache\/cabins-300x200-square.jpg\" alt=\"caba\u00f1as\" title=\"caba\u00f1as\" itemprop=\"image\">\n\t\t<h3>Caba\u00f1as<\/h3>\t\t\t\n\t<a href=\"https:\/\/campandrews.org\/es\/instalaciones\/salas-de-reuniones\/\" target=\"_self\" aria-label=\"Go to \/facilities\/meeting-rooms\/\" rel=\"noopener\"><\/a>\n\t\t\t\t<img decoding=\"async\" src=\"https:\/\/campandrews.org\/wp-content\/uploads\/bb-plugin\/cache\/meeting-rooms1-300x195-square.jpg\" alt=\"salas de reuniones1\" title=\"salas de reuniones1\" itemprop=\"image\">\n\t\t<h3>Salas de reuniones<\/h3>\t\t\t\n\t<a href=\"https:\/\/campandrews.org\/es\/instalaciones\/capilla\/\" target=\"_self\" aria-label=\"Go to \/facilities\/chapel\/\" rel=\"noopener\"><\/a>\n\t\t\t\t<img decoding=\"async\" src=\"https:\/\/campandrews.org\/wp-content\/uploads\/bb-plugin\/cache\/chapel1-300x200-square.jpg\" alt=\"capilla1\" title=\"capilla1\" itemprop=\"image\">\n\t\t<h3>Capilla<\/h3>\t\t\t\n\t<a href=\"https:\/\/campandrews.org\/es\/instalaciones\/piscina\/\" target=\"_self\" aria-label=\"Go to \/facilities\/swimming-pool\/\" rel=\"noopener\"><\/a>\n\t\t\t\t<img decoding=\"async\" src=\"https:\/\/campandrews.org\/wp-content\/uploads\/bb-plugin\/cache\/pool2-300x225-square.jpg\" alt=\"piscina2\" title=\"piscina2\" itemprop=\"image\">\n\t\t<h3>Piscina<\/h3>\t\t\t\n\t<a href=\"https:\/\/campandrews.org\/es\/opciones-de-ocio\/\" target=\"_blank\" rel=\"noopener\" aria-label=\"Go to \/recreation\/\"><\/a>\n\t\t\t\t<img decoding=\"async\" src=\"https:\/\/campandrews.org\/wp-content\/uploads\/bb-plugin\/cache\/hr5-300x200-square.jpg\" alt=\"cursos de cuerdas\" title=\"cursos de cuerdas\" itemprop=\"image\">\n\t\t<h3>Recreaci\u00f3n<\/h3>\t\t\t\n\t<a href=\"https:\/\/campandrews.org\/wp-content\/uploads\/2022\/07\/Camp-Map.pdf\" target=\"_blank\" rel=\"noopener\" aria-label=\"Go to https:\/\/campandrews.org\/wp-content\/uploads\/2022\/07\/Camp-Map.pdf\"><\/a>\n\t\t\t\t<img decoding=\"async\" src=\"https:\/\/campandrews.org\/wp-content\/uploads\/bb-plugin\/cache\/general-camp1-200x300-square.jpg\" alt=\"campamento general1\" title=\"campamento general1\" itemprop=\"image\">\n\t\t<h3>Mapa del campamento<\/h3>\t\t\t\n\n","protected":false},"excerpt":{"rendered":"<p>Caba\u00f1as Las caba\u00f1as ofrecen alojamiento para un m\u00e1ximo de 80 personas. Hay 8 caba\u00f1as diferentes, todas invernadas y con calefacci\u00f3n de gas. Hay una casa de duchas para los que se alojan en las caba\u00f1as. Contiene ba\u00f1os y 8 duchas. La casa de ba\u00f1os de la piscina est\u00e1 abierta desde el D\u00eda de los Ca\u00eddos&hellip;<\/p>\n","protected":false},"author":9,"featured_media":755,"parent":1004,"menu_order":0,"comment_status":"closed","ping_status":"closed","template":"","meta":{"footnotes":""},"class_list":["post-1006","page","type-page","status-publish","has-post-thumbnail","hentry"],"_links":{"self":[{"href":"https:\/\/campandrews.org\/es\/wp-json\/wp\/v2\/pages\/1006","targetHints":{"allow":["GET"]}}],"collection":[{"href":"https:\/\/campandrews.org\/es\/wp-json\/wp\/v2\/pages"}],"about":[{"href":"https:\/\/campandrews.org\/es\/wp-json\/wp\/v2\/types\/page"}],"author":[{"embeddable":true,"href":"https:\/\/campandrews.org\/es\/wp-json\/wp\/v2\/users\/9"}],"replies":[{"embeddable":true,"href":"https:\/\/campandrews.org\/es\/wp-json\/wp\/v2\/comments?post=1006"}],"version-history":[{"count":2,"href":"https:\/\/campandrews.org\/es\/wp-json\/wp\/v2\/pages\/1006\/revisions"}],"predecessor-version":[{"id":1090,"href":"https:\/\/campandrews.org\/es\/wp-json\/wp\/v2\/pages\/1006\/revisions\/1090"}],"up":[{"embeddable":true,"href":"https:\/\/campandrews.org\/es\/wp-json\/wp\/v2\/pages\/1004"}],"wp:featuredmedia":[{"embeddable":true,"href":"https:\/\/campandrews.org\/es\/wp-json\/wp\/v2\/media\/755"}],"wp:attachment":[{"href":"https:\/\/campandrews.org\/es\/wp-json\/wp\/v2\/media?parent=1006"}],"curies":[{"name":"wp","href":"https:\/\/api.w.org\/{rel}","templated":true}]}}