{"id":1011,"date":"2022-07-14T19:05:46","date_gmt":"2022-07-14T23:05:46","guid":{"rendered":"https:\/\/campandrews.org\/instalaciones\/casa-de-campo-oak-view\/"},"modified":"2022-09-06T18:28:41","modified_gmt":"2022-09-06T18:28:41","slug":"casa-de-campo-oak-view","status":"publish","type":"page","link":"https:\/\/campandrews.org\/es\/instalaciones\/casa-de-campo-oak-view\/","title":{"rendered":"Casa de campo Oak View"},"content":{"rendered":"\n<h1>\n  Casa de campo Oak View\n\t<\/h1>\n\t<p>El Oak View Lodge es nuestro edificio m\u00e1s nuevo. La capacidad total de alojamiento de este edificio es de 94.<\/p>\n<p>El albergue cuenta con dos salas de reuniones, 12 habitaciones y una cocina.<\/p>\n\t<h3><strong>Arriba:<\/strong><\/h3>\n<ul>\n<li>Capacidad para 60 personas<\/li>\n<li>Cada habitaci\u00f3n tiene:\n<ul>\n<li>Un ba\u00f1o y una ducha<\/li>\n<li>Control de la calefacci\u00f3n y el aire acondicionado<\/li>\n<\/ul>\n<\/li>\n<li>Habitaci\u00f3n 8: Accesible para minusv\u00e1lidos\n<ul>\n<li>1 cama doble<\/li>\n<li>2 camas individuales (litera)<\/li>\n<\/ul>\n<\/li>\n<li>Habitaciones 1-7:\n<ul>\n<li>2 camas dobles (literas)<\/li>\n<li>4 camas individuales (literas)<\/li>\n<\/ul>\n<\/li>\n<li>Vest\u00edbulo con chimenea de gas<\/li>\n<li>Ba\u00f1os p\u00fablicos<\/li>\n<li>Sala de reuniones: capacidad para 150 personas\n<ul>\n<li>12 canales de sonido<\/li>\n<li>4- 6 micr\u00f3fonos<\/li>\n<li>Cables XLR<\/li>\n<li>Reproductor de DVD<\/li>\n<li>Videoproyector montado<\/li>\n<li>Conexi\u00f3n VGA, frontal y trasera<\/li>\n<\/ul>\n<\/li>\n<\/ul>\n\t\t\t\t<a href=\"https:\/\/campandrews.org\/wp-content\/uploads\/2022\/07\/oak-view-lodge1.jpg\" target=\"_self\" itemprop=\"url\" rel=\"noopener\">\n\t\t\t\t<img decoding=\"async\" src=\"https:\/\/campandrews.org\/wp-content\/uploads\/2022\/07\/oak-view-lodge1.jpg\" alt=\"oak view lodge1\" itemprop=\"image\" height=\"533\" width=\"767\" title=\"oak view lodge1\" onerror=\"this.style.display='none'\">\n\t\t\t\t<\/a>\n\t<h3><strong>En la planta baja:<\/strong><\/h3>\n<ul>\n<li>Duerme 30 personas<\/li>\n<li>Cada habitaci\u00f3n tiene:\n<ul>\n<li>Un ba\u00f1o y una ducha<\/li>\n<li>Control de la calefacci\u00f3n y el aire acondicionado<\/li>\n<\/ul>\n<\/li>\n<li>Habitaci\u00f3n 14: Accesible para minusv\u00e1lidos\n<ul>\n<li>2 camas dobles (literas)<\/li>\n<li>2 camas individuales (litera)<\/li>\n<\/ul>\n<\/li>\n<li>Habitaciones 11-13:\n<ul>\n<li>2 camas dobles (literas)<\/li>\n<li>4 camas individuales (literas)<\/li>\n<\/ul>\n<\/li>\n<li>Sala de estar abierta<\/li>\n<li>Ba\u00f1os p\u00fablicos<\/li>\n<li>Sala de reuniones: capacidad para 250 personas\n<ul>\n<li>Sonido de 2 canales<\/li>\n<li>1-2 micr\u00f3fonos<\/li>\n<li>Cables XLR<\/li>\n<li>Podio<\/li>\n<li>Escenario 8&#215;8 de 12\u00bb de altura<\/li>\n<\/ul>\n<\/li>\n<li>La cocina:\n<ul>\n<li>Cocina comercial, frigor\u00edfico y lavavajillas<\/li>\n<li>Fabricantes de hielo y congeladores<\/li>\n<li>Platos, vasos y utensilios<\/li>\n<li>Platos para servir<\/li>\n<li>Sartenes, teteras, etc.<\/li>\n<\/ul>\n<\/li>\n<\/ul>\n\t\t\t\t<a href=\"https:\/\/campandrews.org\/wp-content\/uploads\/2022\/07\/oak-view-lodge2.jpg\" target=\"_self\" itemprop=\"url\" rel=\"noopener\">\n\t\t\t\t<img decoding=\"async\" src=\"https:\/\/campandrews.org\/wp-content\/uploads\/2022\/07\/oak-view-lodge2.jpg\" alt=\"oak view lodge2\" itemprop=\"image\" height=\"533\" width=\"767\" title=\"oak view lodge2\" onerror=\"this.style.display='none'\">\n\t\t\t\t<\/a>\n<h2>\n  Visita virtual:\n\t<\/h2>\n\t<iframe allowfullscreen=\"\" allow=\"autoplay\" src=\"https:\/\/www.youtube.com\/embed\/a-PnxMFN7mE?feature=oembed&amp;start&amp;end&amp;wmode=opaque&amp;loop=0&amp;controls=1&amp;mute=0&amp;rel=0&amp;modestbranding=0\"><\/iframe>\t\n<h2>\n  Galer\u00eda de fotos:\n\t<\/h2>\n\t<h3><strong>Vea nuestras otras instalaciones o <a href=\"https:\/\/campandrews.org\/wp-content\/uploads\/2022\/07\/Camp-Map.pdf\">el mapa del campus<\/a>:<\/strong><\/h3>\n\t<a href=\"\/facilities\/pine-view-lodge\/\" target=\"_self\" aria-label=\"Go to \/facilities\/pine-view-lodge\/\" rel=\"noopener\"><\/a>\n\t\t\t\t<img decoding=\"async\" src=\"https:\/\/campandrews.org\/wp-content\/uploads\/bb-plugin\/cache\/pine-view-lodge5-300x194-square.jpg\" alt=\"pino vista lodge5\" title=\"pino vista lodge5\" itemprop=\"image\">\n\t\t<h3>Pine View Lodge<\/h3>\t\t\t\n\t<a href=\"\/facilities\/oak-view-lodge\/\" target=\"_blank\" rel=\"noopener\" aria-label=\"Go to \/facilities\/oak-view-lodge\/\"><\/a>\n\t\t\t\t<img decoding=\"async\" src=\"https:\/\/campandrews.org\/wp-content\/uploads\/bb-plugin\/cache\/oak-view-lodge3-300x200-square.jpg\" alt=\"oak view lodge3\" title=\"oak view lodge3\" itemprop=\"image\">\n\t\t<h3>Casa de campo Oak View<\/h3>\t\t\t\n\t<a href=\"\/facilities\/creek-view-lodge\/\" target=\"_self\" aria-label=\"Go to \/facilities\/creek-view-lodge\/\" rel=\"noopener\"><\/a>\n\t\t\t\t<img decoding=\"async\" src=\"https:\/\/campandrews.org\/wp-content\/uploads\/bb-plugin\/cache\/creek-view-lodge1-300x225-square.jpg\" alt=\"creek view lodge1\" title=\"creek view lodge1\" itemprop=\"image\">\n\t\t<h3>Creek View Lodge<\/h3>\t\t\t\n\t<a href=\"\/facilities\/spruce-center-gym\/\" target=\"_self\" aria-label=\"Go to \/facilities\/spruce-center-gym\/\" rel=\"noopener\"><\/a>\n\t\t\t\t<img decoding=\"async\" src=\"https:\/\/campandrews.org\/wp-content\/uploads\/bb-plugin\/cache\/spruce-center2-300x194-square.jpg\" alt=\"centro del abeto2\" title=\"centro del abeto2\" itemprop=\"image\">\n\t\t<h3>Gimnasio Spruce Center<\/h3>\t\t\t\n\t<a href=\"\/facilities\/cabins\/\" target=\"_self\" aria-label=\"Go to \/facilities\/cabins\/\" rel=\"noopener\"><\/a>\n\t\t\t\t<img decoding=\"async\" src=\"https:\/\/campandrews.org\/wp-content\/uploads\/bb-plugin\/cache\/cabins-300x200-square.jpg\" alt=\"caba\u00f1as\" title=\"caba\u00f1as\" itemprop=\"image\">\n\t\t<h3>Caba\u00f1as<\/h3>\t\t\t\n\t<a href=\"\/facilities\/meeting-rooms\/\" target=\"_self\" aria-label=\"Go to \/facilities\/meeting-rooms\/\" rel=\"noopener\"><\/a>\n\t\t\t\t<img decoding=\"async\" src=\"https:\/\/campandrews.org\/wp-content\/uploads\/bb-plugin\/cache\/meeting-rooms1-300x195-square.jpg\" alt=\"salas de reuniones1\" title=\"salas de reuniones1\" itemprop=\"image\">\n\t\t<h3>Salas de reuniones<\/h3>\t\t\t\n\t<a href=\"\/facilities\/chapel\/\" target=\"_self\" aria-label=\"Go to \/facilities\/chapel\/\" rel=\"noopener\"><\/a>\n\t\t\t\t<img decoding=\"async\" src=\"https:\/\/campandrews.org\/wp-content\/uploads\/bb-plugin\/cache\/chapel1-300x200-square.jpg\" alt=\"capilla1\" title=\"capilla1\" itemprop=\"image\">\n\t\t<h3>Capilla<\/h3>\t\t\t\n\t<a href=\"\/facilities\/swimming-pool\/\" target=\"_self\" aria-label=\"Go to \/facilities\/swimming-pool\/\" rel=\"noopener\"><\/a>\n\t\t\t\t<img decoding=\"async\" src=\"https:\/\/campandrews.org\/wp-content\/uploads\/bb-plugin\/cache\/pool2-300x225-square.jpg\" alt=\"piscina2\" title=\"piscina2\" itemprop=\"image\">\n\t\t<h3>Piscina<\/h3>\t\t\t\n\t<a href=\"\/recreation\/\" target=\"_blank\" rel=\"noopener\" aria-label=\"Go to \/recreation\/\"><\/a>\n\t\t\t\t<img decoding=\"async\" src=\"https:\/\/campandrews.org\/wp-content\/uploads\/bb-plugin\/cache\/hr5-300x200-square.jpg\" alt=\"cursos de cuerdas\" title=\"cursos de cuerdas\" itemprop=\"image\">\n\t\t<h3>Recreaci\u00f3n<\/h3>\t\t\t\n\t<a href=\"https:\/\/campandrews.org\/wp-content\/uploads\/2022\/07\/Camp-Map.pdf\" target=\"_blank\" rel=\"noopener\" aria-label=\"Go to https:\/\/campandrews.org\/wp-content\/uploads\/2022\/07\/Camp-Map.pdf\"><\/a>\n\t\t\t\t<img decoding=\"async\" src=\"https:\/\/campandrews.org\/wp-content\/uploads\/bb-plugin\/cache\/general-camp1-200x300-square.jpg\" alt=\"campamento general1\" title=\"campamento general1\" itemprop=\"image\">\n\t\t<h3>Mapa del campamento<\/h3>\t\t\t\n\n","protected":false},"excerpt":{"rendered":"<p>Casa de campo Oak View El Oak View Lodge es nuestro edificio m\u00e1s nuevo. La capacidad total de alojamiento de este edificio es de 94. El albergue cuenta con dos salas de reuniones, 12 habitaciones y una cocina. Arriba: Capacidad para 60 personas Cada habitaci\u00f3n tiene: Un ba\u00f1o y una ducha Control de la calefacci\u00f3n&hellip;<\/p>\n","protected":false},"author":4,"featured_media":785,"parent":1004,"menu_order":0,"comment_status":"closed","ping_status":"closed","template":"","meta":{"footnotes":""},"class_list":["post-1011","page","type-page","status-publish","has-post-thumbnail","hentry"],"_links":{"self":[{"href":"https:\/\/campandrews.org\/es\/wp-json\/wp\/v2\/pages\/1011","targetHints":{"allow":["GET"]}}],"collection":[{"href":"https:\/\/campandrews.org\/es\/wp-json\/wp\/v2\/pages"}],"about":[{"href":"https:\/\/campandrews.org\/es\/wp-json\/wp\/v2\/types\/page"}],"author":[{"embeddable":true,"href":"https:\/\/campandrews.org\/es\/wp-json\/wp\/v2\/users\/4"}],"replies":[{"embeddable":true,"href":"https:\/\/campandrews.org\/es\/wp-json\/wp\/v2\/comments?post=1011"}],"version-history":[{"count":1,"href":"https:\/\/campandrews.org\/es\/wp-json\/wp\/v2\/pages\/1011\/revisions"}],"predecessor-version":[{"id":1084,"href":"https:\/\/campandrews.org\/es\/wp-json\/wp\/v2\/pages\/1011\/revisions\/1084"}],"up":[{"embeddable":true,"href":"https:\/\/campandrews.org\/es\/wp-json\/wp\/v2\/pages\/1004"}],"wp:featuredmedia":[{"embeddable":true,"href":"https:\/\/campandrews.org\/es\/wp-json\/wp\/v2\/media\/785"}],"wp:attachment":[{"href":"https:\/\/campandrews.org\/es\/wp-json\/wp\/v2\/media?parent=1011"}],"curies":[{"name":"wp","href":"https:\/\/api.w.org\/{rel}","templated":true}]}}