{"id":1013,"date":"2022-07-15T14:22:50","date_gmt":"2022-07-15T14:22:50","guid":{"rendered":"https:\/\/campandrews.org\/instalaciones\/gimnasio-spruce-center\/"},"modified":"2022-09-06T18:29:17","modified_gmt":"2022-09-06T18:29:17","slug":"gimnasio-spruce-center","status":"publish","type":"page","link":"https:\/\/campandrews.org\/es\/instalaciones\/gimnasio-spruce-center\/","title":{"rendered":"Gimnasio Spruce Center"},"content":{"rendered":"\n<h1>\n  Gimnasio Spruce Center\n\t<\/h1>\n\t<p>Nuestro gimnasio proporciona un centro de compa\u00f1erismo y recreaci\u00f3n que incluye:<\/p>\n\t<ul>\n<li>Sala de reuniones<\/li>\n<li>\n<ul>\n<li>Asientos 50<\/li>\n<li>Barra de desayuno con nevera<\/li>\n<li>Sonido port\u00e1til disponible<\/li>\n<\/ul>\n<\/li>\n<\/ul>\n\t<ul>\n<li>Gimnasio:\n<ul>\n<li>70&#8242; x 100&#8242;<\/li>\n<li>Balones de voleibol, baloncesto, balones para parques infantiles<\/li>\n<li>Sala de juegos Loft:\n<ul>\n<li>Ping Pong, mesas de billar, air hockey, foos ball, sof\u00e1s<\/li>\n<\/ul>\n<\/li>\n<li>Ba\u00f1os p\u00fablicos<\/li>\n<\/ul>\n<\/li>\n<\/ul>\n<h2>\n  Galer\u00eda de fotos:\n\t<\/h2>\n\t<h3><strong>Vea nuestras otras instalaciones o <a href=\"https:\/\/campandrews.org\/wp-content\/uploads\/2022\/07\/Camp-Map.pdf\">el mapa del campus<\/a>:<\/strong><\/h3>\n\t<a href=\"\/facilities\/pine-view-lodge\/\" target=\"_self\" aria-label=\"Go to \/facilities\/pine-view-lodge\/\" rel=\"noopener\"><\/a>\n\t\t\t\t<img decoding=\"async\" src=\"https:\/\/campandrews.org\/wp-content\/uploads\/bb-plugin\/cache\/pine-view-lodge5-300x194-square.jpg\" alt=\"pino vista lodge5\" title=\"pino vista lodge5\" itemprop=\"image\">\n\t\t<h3>Pine View Lodge<\/h3>\t\t\t\n\t<a href=\"\/facilities\/oak-view-lodge\/\" target=\"_blank\" rel=\"noopener\" aria-label=\"Go to \/facilities\/oak-view-lodge\/\"><\/a>\n\t\t\t\t<img decoding=\"async\" src=\"https:\/\/campandrews.org\/wp-content\/uploads\/bb-plugin\/cache\/oak-view-lodge3-300x200-square.jpg\" alt=\"oak view lodge3\" title=\"oak view lodge3\" itemprop=\"image\">\n\t\t<h3>Casa de campo Oak View<\/h3>\t\t\t\n\t<a href=\"\/facilities\/creek-view-lodge\/\" target=\"_self\" aria-label=\"Go to \/facilities\/creek-view-lodge\/\" rel=\"noopener\"><\/a>\n\t\t\t\t<img decoding=\"async\" src=\"https:\/\/campandrews.org\/wp-content\/uploads\/bb-plugin\/cache\/creek-view-lodge1-300x225-square.jpg\" alt=\"creek view lodge1\" title=\"creek view lodge1\" itemprop=\"image\">\n\t\t<h3>Creek View Lodge<\/h3>\t\t\t\n\t<a href=\"\/facilities\/spruce-center-gym\/\" target=\"_self\" aria-label=\"Go to \/facilities\/spruce-center-gym\/\" rel=\"noopener\"><\/a>\n\t\t\t\t<img decoding=\"async\" src=\"https:\/\/campandrews.org\/wp-content\/uploads\/bb-plugin\/cache\/spruce-center2-300x194-square.jpg\" alt=\"centro del abeto2\" title=\"centro del abeto2\" itemprop=\"image\">\n\t\t<h3>Gimnasio Spruce Center<\/h3>\t\t\t\n\t<a href=\"\/facilities\/cabins\/\" target=\"_self\" aria-label=\"Go to \/facilities\/cabins\/\" rel=\"noopener\"><\/a>\n\t\t\t\t<img decoding=\"async\" src=\"https:\/\/campandrews.org\/wp-content\/uploads\/bb-plugin\/cache\/cabins-300x200-square.jpg\" alt=\"caba\u00f1as\" title=\"caba\u00f1as\" itemprop=\"image\">\n\t\t<h3>Caba\u00f1as<\/h3>\t\t\t\n\t<a href=\"\/facilities\/meeting-rooms\/\" target=\"_self\" aria-label=\"Go to \/facilities\/meeting-rooms\/\" rel=\"noopener\"><\/a>\n\t\t\t\t<img decoding=\"async\" src=\"https:\/\/campandrews.org\/wp-content\/uploads\/bb-plugin\/cache\/meeting-rooms1-300x195-square.jpg\" alt=\"salas de reuniones1\" title=\"salas de reuniones1\" itemprop=\"image\">\n\t\t<h3>Salas de reuniones<\/h3>\t\t\t\n\t<a href=\"\/facilities\/chapel\/\" target=\"_self\" aria-label=\"Go to \/facilities\/chapel\/\" rel=\"noopener\"><\/a>\n\t\t\t\t<img decoding=\"async\" src=\"https:\/\/campandrews.org\/wp-content\/uploads\/bb-plugin\/cache\/chapel1-300x200-square.jpg\" alt=\"capilla1\" title=\"capilla1\" itemprop=\"image\">\n\t\t<h3>Capilla<\/h3>\t\t\t\n\t<a href=\"\/facilities\/swimming-pool\/\" target=\"_self\" aria-label=\"Go to \/facilities\/swimming-pool\/\" rel=\"noopener\"><\/a>\n\t\t\t\t<img decoding=\"async\" src=\"https:\/\/campandrews.org\/wp-content\/uploads\/bb-plugin\/cache\/pool2-300x225-square.jpg\" alt=\"piscina2\" title=\"piscina2\" itemprop=\"image\">\n\t\t<h3>Piscina<\/h3>\t\t\t\n\t<a href=\"\/recreation\/\" target=\"_blank\" rel=\"noopener\" aria-label=\"Go to \/recreation\/\"><\/a>\n\t\t\t\t<img decoding=\"async\" src=\"https:\/\/campandrews.org\/wp-content\/uploads\/bb-plugin\/cache\/hr5-300x200-square.jpg\" alt=\"cursos de cuerdas\" title=\"cursos de cuerdas\" itemprop=\"image\">\n\t\t<h3>Recreaci\u00f3n<\/h3>\t\t\t\n\t<a href=\"https:\/\/campandrews.org\/wp-content\/uploads\/2022\/07\/Camp-Map.pdf\" target=\"_blank\" rel=\"noopener\" aria-label=\"Go to https:\/\/campandrews.org\/wp-content\/uploads\/2022\/07\/Camp-Map.pdf\"><\/a>\n\t\t\t\t<img decoding=\"async\" src=\"https:\/\/campandrews.org\/wp-content\/uploads\/bb-plugin\/cache\/general-camp1-200x300-square.jpg\" alt=\"campamento general1\" title=\"campamento general1\" itemprop=\"image\">\n\t\t<h3>Mapa del campamento<\/h3>\t\t\t\n\n","protected":false},"excerpt":{"rendered":"<p>Gimnasio Spruce Center Nuestro gimnasio proporciona un centro de compa\u00f1erismo y recreaci\u00f3n que incluye: Sala de reuniones Asientos 50 Barra de desayuno con nevera Sonido port\u00e1til disponible Gimnasio: 70&#8242; x 100&#8242; Balones de voleibol, baloncesto, balones para parques infantiles Sala de juegos Loft: Ping Pong, mesas de billar, air hockey, foos ball, sof\u00e1s Ba\u00f1os p\u00fablicos&hellip;<\/p>\n","protected":false},"author":9,"featured_media":833,"parent":1004,"menu_order":0,"comment_status":"closed","ping_status":"closed","template":"","meta":{"footnotes":""},"class_list":["post-1013","page","type-page","status-publish","has-post-thumbnail","hentry"],"_links":{"self":[{"href":"https:\/\/campandrews.org\/es\/wp-json\/wp\/v2\/pages\/1013","targetHints":{"allow":["GET"]}}],"collection":[{"href":"https:\/\/campandrews.org\/es\/wp-json\/wp\/v2\/pages"}],"about":[{"href":"https:\/\/campandrews.org\/es\/wp-json\/wp\/v2\/types\/page"}],"author":[{"embeddable":true,"href":"https:\/\/campandrews.org\/es\/wp-json\/wp\/v2\/users\/9"}],"replies":[{"embeddable":true,"href":"https:\/\/campandrews.org\/es\/wp-json\/wp\/v2\/comments?post=1013"}],"version-history":[{"count":1,"href":"https:\/\/campandrews.org\/es\/wp-json\/wp\/v2\/pages\/1013\/revisions"}],"predecessor-version":[{"id":1082,"href":"https:\/\/campandrews.org\/es\/wp-json\/wp\/v2\/pages\/1013\/revisions\/1082"}],"up":[{"embeddable":true,"href":"https:\/\/campandrews.org\/es\/wp-json\/wp\/v2\/pages\/1004"}],"wp:featuredmedia":[{"embeddable":true,"href":"https:\/\/campandrews.org\/es\/wp-json\/wp\/v2\/media\/833"}],"wp:attachment":[{"href":"https:\/\/campandrews.org\/es\/wp-json\/wp\/v2\/media?parent=1013"}],"curies":[{"name":"wp","href":"https:\/\/api.w.org\/{rel}","templated":true}]}}