{"id":1016,"date":"2022-01-04T22:17:27","date_gmt":"2022-01-05T03:17:27","guid":{"rendered":"https:\/\/campandrews.org\/inicio\/"},"modified":"2022-09-08T10:30:56","modified_gmt":"2022-09-08T14:30:56","slug":"inicio","status":"publish","type":"page","link":"https:\/\/campandrews.org\/es\/","title":{"rendered":"Inicio"},"content":{"rendered":"\n<h2>\n  Bienvenido a  <br>Campamento de Andrews\n\t<\/h2>\n<h1>\n  Un centro de retiros y campamentos de verano durante todo el a\u00f1o<br>  en el sur del condado de lancaster, PA\n\t<\/h1>\n\t<a href=\"\/retreats\/\" target=\"_self\" aria-label=\"Go to \/retreats\/\" rel=\"noopener\"><\/a>\n\t\t\t<h3>Fin de semana<br>  Grupos<\/h3>\t\t\t\n\t\t\t\t<p>EXPLORA M\u00c1S<\/p>\n\t<a href=\"\/summer-camps\/\" target=\"_self\" aria-label=\"Go to \/summer-camps\/\" rel=\"noopener\"><\/a>\n\t\t\t<h3>Verano<br>  Campamentos<\/h3>\t\t\t\n\t\t\t\t<p>EXPLORA M\u00c1S<\/p>\n\t<a href=\"\/partnerships\/\" target=\"_self\" aria-label=\"Go to \/partnerships\/\" rel=\"noopener\"><\/a>\n\t\t\t<h3>Asociaciones<\/h3>\t\t\t\n\t\t\t\t<p>EXPLORA M\u00c1S<\/p>\n\t<a href=\"http:\/\/www.meadowsofhope.org\/\" target=\"_blank\" rel=\"noopener\" aria-label=\"Go to http:\/\/www.meadowsofhope.org\/\"><\/a>\n\t\t\t<h3>Prados<br>  de la Esperanza<\/h3>\t\t\t\n\t\t\t\t<p>EXPLORA M\u00c1S<\/p>\n<h2>\n  Grupos de fin de semana\n\t<\/h2>\n\t\t\t<h3>Reconecta con Dios y con los dem\u00e1s&#8230;<\/h3>\t\t\t\n\t\t\t\t<ul>\n<li>Pasar tiempo con los dem\u00e1s y con Dios en la naturaleza<\/li>\n<li>Escapar del ajetreo y las distracciones de la vida<\/li>\n<li>Disfrutar de unas completas instalaciones de retiro y opcionales<br>actividades guiadas en equipo<\/li>\n<\/ul>\n\t\t\t<a href=\"\/reatreats\/\" target=\"_self\" role=\"button\" aria-label=\"Learn More\" rel=\"noopener\">\n  M\u00e1s informaci\u00f3n\n\t\t<\/a>\n<h2>\n  Verano<br>  Campamentos\n\t<\/h2>\n\t\t\t<h3>Ayude a los ni\u00f1os a experimentar a Cristo de una manera nueva&#8230;<\/h3>\t\t\t\n\t\t\t\t<ul>\n<li>Salir al exterior y pasar tiempo en la naturaleza<\/li>\n<li>Escapar de las distracciones de la vida y construir un buen<br>relaciones con los dem\u00e1s<\/li>\n<li>Una variedad de actividades y cursos de cuerdas que<br>ense\u00f1ar el trabajo en equipo y valiosas lecciones de vida<\/li>\n<\/ul>\n\t\t\t<a href=\"\/summer-camps\/\" target=\"_self\" role=\"button\" aria-label=\"Learn More\" rel=\"noopener\">\n  M\u00e1s informaci\u00f3n\n\t\t<\/a>\n<h2>\n  Asociaciones\n\t<\/h2>\n\t\t\t<h3>Ayude a Camp Andrews a cambiar vidas&#8230;<\/h3>\t\t\t\n\t\t\t\t<ul>\n<li>Ayud\u00e1ndonos en varios proyectos de construcci\u00f3n<\/li>\n<li>Ayudar en las actualizaciones necesarias y en el capital<br>mejoras<\/li>\n<li>Donar tiempo o dinero al campamento<\/li>\n<\/ul>\n\t\t\t<a href=\"\/partnerships\/\" target=\"_self\" role=\"button\" aria-label=\"Learn More\" rel=\"noopener\">\n  M\u00e1s informaci\u00f3n\n\t\t<\/a>\n<h2>\n  Prados<br>  de la Esperanza\n\t<\/h2>\n\t\t\t<h3>Cambiar la vida de las adolescentes por&#8230;<\/h3>\t\t\t\n\t\t\t\t<ul>\n<li>Ayudar a las adolescentes a desarrollar relaciones saludables con<br>Dios y los dem\u00e1s<\/li>\n<li>Ense\u00f1ar el trabajo en equipo, la estructura de la vida, la resoluci\u00f3n de problemas,<br>y otras lecciones cr\u00edticas de la vida<\/li>\n<li>Utilizar el aprendizaje y la terapia asistida por caballos<\/li>\n<\/ul>\n\t\t\t<a href=\"http:\/\/www.meadowsofhope.org\/\" target=\"_blank\" rel=\"noopener\" role=\"button\" aria-label=\"Learn More\">\n  M\u00e1s informaci\u00f3n\n\t\t<\/a>\n","protected":false},"excerpt":{"rendered":"<p>Bienvenido a Campamento de Andrews Un centro de retiros y campamentos de verano durante todo el a\u00f1o en el sur del condado de lancaster, PA Fin de semana Grupos EXPLORA M\u00c1S Verano Campamentos EXPLORA M\u00c1S Asociaciones EXPLORA M\u00c1S Prados de la Esperanza EXPLORA M\u00c1S Grupos de fin de semana Reconecta con Dios y con los&hellip;<\/p>\n","protected":false},"author":4,"featured_media":480,"parent":0,"menu_order":0,"comment_status":"closed","ping_status":"closed","template":"","meta":{"footnotes":""},"class_list":["post-1016","page","type-page","status-publish","has-post-thumbnail","hentry"],"_links":{"self":[{"href":"https:\/\/campandrews.org\/es\/wp-json\/wp\/v2\/pages\/1016","targetHints":{"allow":["GET"]}}],"collection":[{"href":"https:\/\/campandrews.org\/es\/wp-json\/wp\/v2\/pages"}],"about":[{"href":"https:\/\/campandrews.org\/es\/wp-json\/wp\/v2\/types\/page"}],"author":[{"embeddable":true,"href":"https:\/\/campandrews.org\/es\/wp-json\/wp\/v2\/users\/4"}],"replies":[{"embeddable":true,"href":"https:\/\/campandrews.org\/es\/wp-json\/wp\/v2\/comments?post=1016"}],"version-history":[{"count":1,"href":"https:\/\/campandrews.org\/es\/wp-json\/wp\/v2\/pages\/1016\/revisions"}],"predecessor-version":[{"id":1028,"href":"https:\/\/campandrews.org\/es\/wp-json\/wp\/v2\/pages\/1016\/revisions\/1028"}],"wp:featuredmedia":[{"embeddable":true,"href":"https:\/\/campandrews.org\/es\/wp-json\/wp\/v2\/media\/480"}],"wp:attachment":[{"href":"https:\/\/campandrews.org\/es\/wp-json\/wp\/v2\/media?parent=1016"}],"curies":[{"name":"wp","href":"https:\/\/api.w.org\/{rel}","templated":true}]}}