{"id":1017,"date":"2022-06-10T09:26:23","date_gmt":"2022-06-10T13:26:23","guid":{"rendered":"https:\/\/campandrews.org\/asociaciones\/"},"modified":"2022-09-06T18:31:17","modified_gmt":"2022-09-06T18:31:17","slug":"asociaciones","status":"publish","type":"page","link":"https:\/\/campandrews.org\/es\/asociaciones\/","title":{"rendered":"Asociaciones"},"content":{"rendered":"\n<h1>\n  As\u00f3ciese con nosotros\n\t<\/h1>\n\t<p>Ofrecemos una variedad de maneras de ayudar a apoyar el trabajo en el Campamento Andrews. \u00a1Elige la forma en que quieres asociarte con nosotros para cambiar vidas!<\/p>\n\t<p><strong>Apadrina un campista:<\/strong><\/p>\n<p>El prop\u00f3sito del Campamento Andrews es presentar a los j\u00f3venes urbanos a Jes\u00fas. Muchos no podr\u00edan venir al campamento sin el fiel servicio de innumerables voluntarios y el generoso coraz\u00f3n de muchos amigos. Las cuotas que los j\u00f3venes pagan para venir al campamento son s\u00f3lo la mitad de lo que realmente cuesta. Su colaboraci\u00f3n es esencial para que este ministerio contin\u00fae. En nombre de las muchas vidas j\u00f3venes que han cambiado aqu\u00ed en el campamento, les agradezco su colaboraci\u00f3n.<\/p>\n\t\t\t<a href=\"https:\/\/www.paypal.com\/donate?token=9FyoD5HI_amHS9CG9WggVkFZ-uXut6IwaL48MXX6CHYtyeRfrVN-I-A97solQnxJtHOQPEsSM5Lh2k1n\" target=\"_blank\" rel=\"noopener\" role=\"button\" aria-label=\"Donate Funds\">\n  Donar fondos\n\t\t<\/a>\n\t\t\t<a href=\"https:\/\/campandrews.org\/wp-content\/uploads\/2022\/07\/Sponsor-a-Camper.pdf\" target=\"_blank\" rel=\"noopener\" role=\"button\" aria-label=\"View Camper Sponsor Form\">\n  Ver el formulario de apadrinamiento de campistas\n\t\t<\/a>\n\t<p><strong>Proyectos de construcci\u00f3n:<\/strong><\/p>\n<p>Ocasionalmente renovamos edificios o \u00e1reas de actividad. Si usted est\u00e1 buscando maneras de asociarse con el Campamento Andrews en proyectos como estos, anticipamos que podemos utilizar el apoyo financiero junto con los materiales donados y la mano de obra donada. Nuestro objetivo es servir a los campamentos de verano y a los grupos de fin de semana de la mejor manera posible. Gracias por su apoyo.<\/p>\n\t\t\t<a href=\"https:\/\/www.paypal.com\/donate?token=9FyoD5HI_amHS9CG9WggVkFZ-uXut6IwaL48MXX6CHYtyeRfrVN-I-A97solQnxJtHOQPEsSM5Lh2k1n\" target=\"_blank\" rel=\"noopener\" role=\"button\" aria-label=\"Donate Funds\">\n  Donar fondos\n\t\t<\/a>\n\t<p><strong>Membres\u00eda de la Asociaci\u00f3n:<\/strong><\/p>\n<p>La Asociaci\u00f3n del Campamento Andrews es un grupo de individuos fieles (personas como usted) que asumen la supervisi\u00f3n del Campamento Andrews. La Asociaci\u00f3n elige un Consejo de Administraci\u00f3n para establecer la pol\u00edtica y supervisar las operaciones del ministerio.<\/p>\n\t\t\t<a href=\"https:\/\/campandrews.org\/wp-content\/uploads\/2022\/07\/Association-Membership.pdf\" target=\"_blank\" rel=\"noopener\" role=\"button\" aria-label=\"Learn More\">\n  M\u00e1s informaci\u00f3n\n\t\t<\/a>\n\t<p><strong>Donaci\u00f3n general:<\/strong><\/p>\n<p>Sin el apoyo financiero de otros, no podr\u00edamos ofrecer muchos de los programas del Campamento Andrews.<\/p>\n<p><em>Por favor, especifique si el donativo es para un proyecto o fondo espec\u00edfico del campamento (por ejemplo, Meadows of Hope, general, patrocinio de campistas, proyecto de construcci\u00f3n actual).<\/em><\/p>\n\t\t\t<a href=\"https:\/\/www.paypal.com\/donate?token=9FyoD5HI_amHS9CG9WggVkFZ-uXut6IwaL48MXX6CHYtyeRfrVN-I-A97solQnxJtHOQPEsSM5Lh2k1n\" target=\"_blank\" rel=\"noopener\" role=\"button\" aria-label=\"Donate Funds\">\n  Donar fondos\n\t\t<\/a>\n\t<a href=\"\/about\/staff\/\" target=\"_self\" aria-label=\"Go to \/about\/staff\/\" rel=\"noopener\"><\/a>\n\t\t\t\t<img decoding=\"async\" src=\"https:\/\/campandrews.org\/wp-content\/uploads\/bb-plugin\/cache\/general-camp9-150x150-square.jpg\" alt=\"campamento general9\" title=\"campamento general9\" itemprop=\"image\">\n\t\t<h3>Personal<\/h3>\t\t\t\n\t<a href=\"\/about\/history\/\" target=\"_self\" aria-label=\"Go to \/about\/history\/\" rel=\"noopener\"><\/a>\n\t\t\t\t<img decoding=\"async\" src=\"https:\/\/campandrews.org\/wp-content\/uploads\/bb-plugin\/cache\/history_dining-square.jpg\" alt=\"historia_comedor\" title=\"historia_comedor\" itemprop=\"image\">\n\t\t<h3>Historia<\/h3>\t\t\t\n\t<a href=\"https:\/\/campandrews.org\/wp-content\/uploads\/2022\/07\/guest-policies.pdf\" target=\"_blank\" rel=\"noopener\" aria-label=\"Go to https:\/\/campandrews.org\/wp-content\/uploads\/2022\/07\/guest-policies.pdf\"><\/a>\n\t\t\t\t<img decoding=\"async\" src=\"https:\/\/campandrews.org\/wp-content\/uploads\/bb-plugin\/cache\/general-camp1-200x300-square.jpg\" alt=\"campamento general1\" title=\"campamento general1\" itemprop=\"image\">\n\t\t<h3>Pol\u00edticas<\/h3>\t\t\t\n\t<a href=\"\/contact\/forms\/\" target=\"_self\" aria-label=\"Go to \/contact\/forms\/\" rel=\"noopener\"><\/a>\n\t\t\t\t<img decoding=\"async\" src=\"https:\/\/campandrews.org\/wp-content\/uploads\/bb-plugin\/cache\/kids-camps12-300x200-square.jpg\" alt=\"campamentos para ni\u00f1os12\" title=\"campamentos para ni\u00f1os12\" itemprop=\"image\">\n\t\t<h3>Formularios<\/h3>\t\t\t\n\t<a href=\"\/photo-gallery\/\" target=\"_self\" aria-label=\"Go to \/photo-gallery\/\" rel=\"noopener\"><\/a>\n\t\t\t\t<img decoding=\"async\" src=\"https:\/\/campandrews.org\/wp-content\/uploads\/bb-plugin\/cache\/kids-camps26-300x200-square.jpg\" alt=\"campamentos para ni\u00f1os26\" title=\"campamentos para ni\u00f1os26\" itemprop=\"image\">\n\t\t<h3>Galer\u00eda de fotos<\/h3>\t\t\t\n\n","protected":false},"excerpt":{"rendered":"<p>As\u00f3ciese con nosotros Ofrecemos una variedad de maneras de ayudar a apoyar el trabajo en el Campamento Andrews. \u00a1Elige la forma en que quieres asociarte con nosotros para cambiar vidas! Apadrina un campista: El prop\u00f3sito del Campamento Andrews es presentar a los j\u00f3venes urbanos a Jes\u00fas. Muchos no podr\u00edan venir al campamento sin el fiel&hellip;<\/p>\n","protected":false},"author":4,"featured_media":739,"parent":0,"menu_order":0,"comment_status":"closed","ping_status":"closed","template":"","meta":{"footnotes":""},"class_list":["post-1017","page","type-page","status-publish","has-post-thumbnail","hentry"],"_links":{"self":[{"href":"https:\/\/campandrews.org\/es\/wp-json\/wp\/v2\/pages\/1017","targetHints":{"allow":["GET"]}}],"collection":[{"href":"https:\/\/campandrews.org\/es\/wp-json\/wp\/v2\/pages"}],"about":[{"href":"https:\/\/campandrews.org\/es\/wp-json\/wp\/v2\/types\/page"}],"author":[{"embeddable":true,"href":"https:\/\/campandrews.org\/es\/wp-json\/wp\/v2\/users\/4"}],"replies":[{"embeddable":true,"href":"https:\/\/campandrews.org\/es\/wp-json\/wp\/v2\/comments?post=1017"}],"version-history":[{"count":1,"href":"https:\/\/campandrews.org\/es\/wp-json\/wp\/v2\/pages\/1017\/revisions"}],"predecessor-version":[{"id":1087,"href":"https:\/\/campandrews.org\/es\/wp-json\/wp\/v2\/pages\/1017\/revisions\/1087"}],"wp:featuredmedia":[{"embeddable":true,"href":"https:\/\/campandrews.org\/es\/wp-json\/wp\/v2\/media\/739"}],"wp:attachment":[{"href":"https:\/\/campandrews.org\/es\/wp-json\/wp\/v2\/media?parent=1017"}],"curies":[{"name":"wp","href":"https:\/\/api.w.org\/{rel}","templated":true}]}}