{"id":1019,"date":"2022-07-14T18:53:04","date_gmt":"2022-07-14T22:53:04","guid":{"rendered":"https:\/\/campandrews.org\/tarifas\/"},"modified":"2022-08-10T22:09:18","modified_gmt":"2022-08-10T22:09:18","slug":"tarifas","status":"publish","type":"page","link":"https:\/\/campandrews.org\/es\/tarifas\/","title":{"rendered":"Tarifas"},"content":{"rendered":"\n<h1>\n  Tarifas\n\t<\/h1>\n\t<p>Todos los precios incluyen el uso de todas las instalaciones y son por persona para la duraci\u00f3n de la estancia designada.<\/p>\n<h3><em><strong>Las reservas de grupos requieren un dep\u00f3sito de 500 d\u00f3lares.<\/strong><\/em><\/h3>\n\t<h3><strong>Tarifas de los paquetes:<\/strong><\/h3>\n<p><strong>Capacidad m\u00e1xima:<\/strong> 255<\/p>\n\n<h4><strong>TARIFAS DE FIN DE SEMANA:<\/strong><\/h4>\n<ul>\n<li><strong>Lodges <a href=\"\/facilities\/pine-view-lodge\/\">Pine View<\/a>, <a href=\"\/facilities\/creek-view-lodge\/\">Creek View<\/a> y <a href=\"\/facilities\/oak-view-lodge\/\">Oak View<\/a> <\/strong>\n<ul>\n<li>Por persona &#8211; $74.00<\/li>\n<\/ul>\n<\/li>\n<li><a href=\"\/facilities\/cabins\/\"><strong>Caba\u00f1as<\/strong><\/a>\n<ul>\n<li>Por persona &#8211; $60.00<\/li>\n<\/ul>\n<\/li>\n<\/ul>\n<p>Los ni\u00f1os de 4 a\u00f1os o menos entran gratis en todas las instalaciones<\/p>\n<em><strong>Registro de entrada<\/strong><\/em>: A partir de las 19 horas del viernes <br>\n<em><strong>Salida<\/strong><\/em>: Antes de las 16 horas del domingo \n\t\t\t<a href=\"\/reservations\/\" target=\"_self\" role=\"button\" aria-label=\"Book Now\" rel=\"noopener\">\n  Reservar ahora\n\t\t<\/a>\n\t<h3><strong>Paquete personalizado y tarifas detalladas:<\/strong><\/h3>\n<p>&nbsp;<\/p>\n<p>Tambi\u00e9n puede a\u00f1adir noches a un paquete existente o crear el suyo propio utilizando tarifas detalladas. Las tarifas detalladas se utilizan para los grupos que construyen su propio paquete personalizado o para personas individuales con su grupo que no vienen para todo el fin de semana.<\/p>\n<ul>\n<li><strong>Uso diurno* &#8211; 22,00<\/strong><\/li>\n<li><strong>Alojamiento (1 noche) &#8211; $42.00<\/strong><\/li>\n<li><strong>Caba\u00f1a (1 noche) &#8211; $28.00<\/strong><\/li>\n<\/ul>\n<p>*La tarifa por d\u00eda se calcula por un per\u00edodo de 24 horas: Tarifa de 1 d\u00eda: 0-24 horas, tarifa de 2 d\u00edas: 25-48 horas, etc. 30% de descuento desde el domingo por la noche hasta el viernes a mediod\u00eda en horas no punta<\/p>\n\t\t\t<a href=\"\/reservations\/\" target=\"_self\" role=\"button\" aria-label=\"Book Now\" rel=\"noopener\">\n  Reservar ahora\n\t\t<\/a>\n\t<h3><strong>Tarifas de los d\u00edas laborables y de los cursos de cuerdas:<\/strong><\/h3>\n<p>&nbsp;<\/p>\n<p><strong>Domingo noche &#8211; Viernes comida:<\/strong><\/p>\n<ul>\n<li>Construya un paquete personalizado utilizando \u00abTarifas detalladas\u00bb con un 30% de descuento<\/li>\n<\/ul>\n<p>&nbsp;<\/p>\n<p><strong>Curso de cuerdas, tirolina, muro de escalada o columpio gigante:<\/strong><\/p>\n<ul>\n<li>$75.00 @ hora por cada grupo hasta 20 (cargo m\u00ednimo de $75.00)<\/li>\n<\/ul>\n\t\t\t<a href=\"\/reservations\/\" target=\"_self\" role=\"button\" aria-label=\"Book Now\" rel=\"noopener\">\n  Reservar ahora\n\t\t<\/a>\n\n","protected":false},"excerpt":{"rendered":"<p>Tarifas Todos los precios incluyen el uso de todas las instalaciones y son por persona para la duraci\u00f3n de la estancia designada. Las reservas de grupos requieren un dep\u00f3sito de 500 d\u00f3lares. Tarifas de los paquetes: Capacidad m\u00e1xima: 255 TARIFAS DE FIN DE SEMANA: Lodges Pine View, Creek View y Oak View Por persona &#8211;&hellip;<\/p>\n","protected":false},"author":4,"featured_media":0,"parent":0,"menu_order":0,"comment_status":"closed","ping_status":"closed","template":"","meta":{"footnotes":""},"class_list":["post-1019","page","type-page","status-publish","hentry"],"_links":{"self":[{"href":"https:\/\/campandrews.org\/es\/wp-json\/wp\/v2\/pages\/1019","targetHints":{"allow":["GET"]}}],"collection":[{"href":"https:\/\/campandrews.org\/es\/wp-json\/wp\/v2\/pages"}],"about":[{"href":"https:\/\/campandrews.org\/es\/wp-json\/wp\/v2\/types\/page"}],"author":[{"embeddable":true,"href":"https:\/\/campandrews.org\/es\/wp-json\/wp\/v2\/users\/4"}],"replies":[{"embeddable":true,"href":"https:\/\/campandrews.org\/es\/wp-json\/wp\/v2\/comments?post=1019"}],"version-history":[{"count":1,"href":"https:\/\/campandrews.org\/es\/wp-json\/wp\/v2\/pages\/1019\/revisions"}],"predecessor-version":[{"id":1074,"href":"https:\/\/campandrews.org\/es\/wp-json\/wp\/v2\/pages\/1019\/revisions\/1074"}],"wp:attachment":[{"href":"https:\/\/campandrews.org\/es\/wp-json\/wp\/v2\/media?parent=1019"}],"curies":[{"name":"wp","href":"https:\/\/api.w.org\/{rel}","templated":true}]}}