{"id":1020,"date":"2022-07-18T19:28:50","date_gmt":"2022-07-18T19:28:50","guid":{"rendered":"https:\/\/campandrews.org\/opciones-de-ocio\/"},"modified":"2022-09-08T10:25:38","modified_gmt":"2022-09-08T14:25:38","slug":"opciones-de-ocio","status":"publish","type":"page","link":"https:\/\/campandrews.org\/es\/opciones-de-ocio\/","title":{"rendered":"Opciones de ocio"},"content":{"rendered":"\n<h1>\n  Opciones de ocio\n\t<\/h1>\n\t<p>Ofrecemos muchas actividades para cualquier grupo, tanto en el interior como en el exterior.<\/p>\n\t<h3><strong>Recreaci\u00f3n en el interior:<\/strong><\/h3>\n<ul>\n<li>Un gimnasio de tama\u00f1o completo en <a href=\"https:\/\/campandrews.org\/facilities\/spruce-center-gym\/\">el Spruce Center<\/a> para jugar al baloncesto, al voleibol, al hockey callejero, al f\u00fatbol sala o simplemente para correr.<\/li>\n<li>Granero de Boulder<\/li>\n<li>Sala de juegos equipada con ping pong, futbol\u00edn, tejo, mesas de billar, air hockey y mucho m\u00e1s<\/li>\n<\/ul>\n\t<h3><strong>Actividades recreativas al aire libre:<\/strong><\/h3>\n<ul>\n<li><a href=\"https:\/\/campandrews.org\/facilities\/swimming-pool\/\">Piscina<\/a> con muro de escalada y red de baloncesto (de temporada)<\/li>\n<li>Zoo de mascotas (de temporada)<\/li>\n<li>Pistas de baloncesto<\/li>\n<li>Pistas de voleibol de arena<\/li>\n<li>Rutas de senderismo<\/li>\n<li>Bola de Gaga<\/li>\n<li>Campo de juego<\/li>\n<li>Un gran campo de juego para los juegos en grupo<\/li>\n<\/ul>\n\t<h3><strong>Cursos de cuerdas de aventura y desaf\u00edo:<\/strong><\/h3>\n<ul>\n<li>Curso de cuerdas de desaf\u00edo<\/li>\n<li>Curso de cuerdas bajas: Una variedad de actividades de resoluci\u00f3n de problemas para ayudar a su grupo a conectarse y crecer&#8230;<\/li>\n<li>Curso de cuerdas altas: Columpio gigante, tirolina, torre de escalada y mucho m\u00e1s&#8230;<\/li>\n<li><a href=\"https:\/\/campandrews.org\/ropes-courses\/\">Haga clic aqu\u00ed para saber m\u00e1s<\/a> sobre nuestros cursos de cuerdas<\/li>\n<\/ul>\n\n","protected":false},"excerpt":{"rendered":"<p>Opciones de ocio Ofrecemos muchas actividades para cualquier grupo, tanto en el interior como en el exterior. Recreaci\u00f3n en el interior: Un gimnasio de tama\u00f1o completo en el Spruce Center para jugar al baloncesto, al voleibol, al hockey callejero, al f\u00fatbol sala o simplemente para correr. Granero de Boulder Sala de juegos equipada con ping&hellip;<\/p>\n","protected":false},"author":4,"featured_media":653,"parent":0,"menu_order":0,"comment_status":"closed","ping_status":"closed","template":"","meta":{"footnotes":""},"class_list":["post-1020","page","type-page","status-publish","has-post-thumbnail","hentry"],"_links":{"self":[{"href":"https:\/\/campandrews.org\/es\/wp-json\/wp\/v2\/pages\/1020","targetHints":{"allow":["GET"]}}],"collection":[{"href":"https:\/\/campandrews.org\/es\/wp-json\/wp\/v2\/pages"}],"about":[{"href":"https:\/\/campandrews.org\/es\/wp-json\/wp\/v2\/types\/page"}],"author":[{"embeddable":true,"href":"https:\/\/campandrews.org\/es\/wp-json\/wp\/v2\/users\/4"}],"replies":[{"embeddable":true,"href":"https:\/\/campandrews.org\/es\/wp-json\/wp\/v2\/comments?post=1020"}],"version-history":[{"count":1,"href":"https:\/\/campandrews.org\/es\/wp-json\/wp\/v2\/pages\/1020\/revisions"}],"predecessor-version":[{"id":1072,"href":"https:\/\/campandrews.org\/es\/wp-json\/wp\/v2\/pages\/1020\/revisions\/1072"}],"wp:featuredmedia":[{"embeddable":true,"href":"https:\/\/campandrews.org\/es\/wp-json\/wp\/v2\/media\/653"}],"wp:attachment":[{"href":"https:\/\/campandrews.org\/es\/wp-json\/wp\/v2\/media?parent=1020"}],"curies":[{"name":"wp","href":"https:\/\/api.w.org\/{rel}","templated":true}]}}