{"id":1021,"date":"2022-07-14T16:58:58","date_gmt":"2022-07-14T16:58:58","guid":{"rendered":"https:\/\/campandrews.org\/cursos-de-cuerda\/"},"modified":"2022-09-06T18:32:00","modified_gmt":"2022-09-06T18:32:00","slug":"cursos-de-cuerda","status":"publish","type":"page","link":"https:\/\/campandrews.org\/es\/cursos-de-cuerda\/","title":{"rendered":"Cursos de cuerda"},"content":{"rendered":"\n<h1>\n  Cursos de cuerdas de desaf\u00edo\n\t<\/h1>\n\t<p>A primera vista, un circuito de cuerdas de desaf\u00edo, con todos sus cables, cuerdas, \u00e1rboles, troncos y postes de tel\u00e9fono parece una carrera de obst\u00e1culos. Pero, a diferencia de una carrera de obst\u00e1culos, sus elementos no se utilizan para el acondicionamiento f\u00edsico o la competici\u00f3n con otros.<\/p>\n<p>En el campamento Andrews, ofrecemos tanto un curso de cuerdas bajas como un curso de cuerdas altas.<\/p>\n<p>&nbsp;<\/p>\n<p><strong>Objetivo:<\/strong><\/p>\n<ul>\n<li>Aumento de la confianza y la autoestima<\/li>\n<li>Mayor apoyo en el grupo<\/li>\n<li>Fomentar el aprecio y el respeto por las diferencias en un grupo<\/li>\n<li>Practicar la fijaci\u00f3n de objetivos y la resoluci\u00f3n de problemas en comparaci\u00f3n con la vida, especialmente en la vida de un cristiano<\/li>\n<\/ul>\n<p>&nbsp;<\/p>\n<p><strong>Tarifas:<\/strong><\/p>\n<p><strong>El curso de cuerdas se considera opcional para su grupo y no est\u00e1 incluido en las tarifas de su paquete. Cobramos $75.00 @ hora por cada grupo hasta 20 &#8211; cargo m\u00ednimo de $75.00.<\/strong><\/p>\n<h2>\n  Curso de cuerdas bajas:\n\t<\/h2>\n\t<p>El curso de cuerdas bajas re\u00fane a su grupo en un entorno de resoluci\u00f3n de problemas en el que todos son necesarios para lograr el objetivo. Partiendo de lo simple a lo complejo, cada elemento del circuito de cuerdas bajas proporciona una plataforma para el siguiente elemento. Este enfoque pr\u00e1ctico del desarrollo del grupo refuerza la confianza de su equipo.<\/p>\n\t\t\t\t<a href=\"https:\/\/campandrews.org\/wp-content\/uploads\/2022\/07\/kids-camps22.jpg\" target=\"_self\" itemprop=\"url\" rel=\"noopener\">\n\t\t\t\t<img decoding=\"async\" src=\"https:\/\/campandrews.org\/wp-content\/uploads\/2022\/07\/kids-camps22-1024x683.jpg\" alt=\"campamentos para ni\u00f1os22\" itemprop=\"image\" height=\"683\" width=\"1024\" title=\"campamentos para ni\u00f1os22\" onerror=\"this.style.display='none'\">\n\t\t\t\t<\/a>\n\t\t\t\t<a href=\"https:\/\/campandrews.org\/wp-content\/uploads\/2022\/07\/kids-camps23.jpg\" target=\"_self\" itemprop=\"url\" rel=\"noopener\">\n\t\t\t\t<img decoding=\"async\" src=\"https:\/\/campandrews.org\/wp-content\/uploads\/2022\/07\/kids-camps23-1024x683.jpg\" alt=\"campamentos para ni\u00f1os23\" itemprop=\"image\" height=\"683\" width=\"1024\" title=\"campamentos para ni\u00f1os23\" onerror=\"this.style.display='none'\">\n\t\t\t\t<\/a>\n\t\t\t\t<a href=\"https:\/\/campandrews.org\/wp-content\/uploads\/2022\/07\/kids-camps7.jpg\" target=\"_self\" itemprop=\"url\" rel=\"noopener\">\n\t\t\t\t<img decoding=\"async\" src=\"https:\/\/campandrews.org\/wp-content\/uploads\/2022\/07\/kids-camps7-683x1024.jpg\" alt=\"campamentos para ni\u00f1os7\" itemprop=\"image\" height=\"1024\" width=\"683\" title=\"campamentos para ni\u00f1os7\" onerror=\"this.style.display='none'\">\n\t\t\t\t<\/a>\n\t\t\t\t<a href=\"https:\/\/campandrews.org\/wp-content\/uploads\/2022\/07\/kids-camps62.jpg\" target=\"_self\" itemprop=\"url\" rel=\"noopener\">\n\t\t\t\t<img decoding=\"async\" src=\"https:\/\/campandrews.org\/wp-content\/uploads\/2022\/07\/kids-camps62-1024x683.jpg\" alt=\"campamentos para ni\u00f1os62\" itemprop=\"image\" height=\"683\" width=\"1024\" title=\"campamentos para ni\u00f1os62\" onerror=\"this.style.display='none'\">\n\t\t\t\t<\/a>\n<h2>\n  Curso de cuerdas altas:\n\t<\/h2>\n\t<p>El circuito de cuerdas altas incluye el columpio gigante, la tirolina y la torre de escalada. Ofrece un mundo de alta aventura y perspectivas \u00fanicas. Cautiva a los miembros del equipo y los desaf\u00eda:<\/p>\n<ul>\n<li>contar con el apoyo del grupo para ir m\u00e1s all\u00e1 de la zona de confort individual<\/li>\n<li>sobre la importancia de animar al equipo y confiar en Dios<\/li>\n<li>para reforzar las habilidades que se han puesto de relieve durante el curso bajo<\/li>\n<li>superar el miedo, la duda y la timidez<\/li>\n<\/ul>\n\t\t\t\t<a href=\"https:\/\/campandrews.org\/wp-content\/uploads\/2022\/07\/kids-camps9.jpg\" target=\"_self\" itemprop=\"url\" rel=\"noopener\">\n\t\t\t\t<img decoding=\"async\" src=\"https:\/\/campandrews.org\/wp-content\/uploads\/2022\/07\/kids-camps9-1024x683.jpg\" alt=\"campamentos para ni\u00f1os9\" itemprop=\"image\" height=\"683\" width=\"1024\" title=\"campamentos para ni\u00f1os9\" onerror=\"this.style.display='none'\">\n\t\t\t\t<\/a>\n\t\t\t\t<a href=\"https:\/\/campandrews.org\/wp-content\/uploads\/2022\/07\/kids-camps52.jpg\" target=\"_self\" itemprop=\"url\" rel=\"noopener\">\n\t\t\t\t<img decoding=\"async\" src=\"https:\/\/campandrews.org\/wp-content\/uploads\/2022\/07\/kids-camps52-1024x683.jpg\" alt=\"campamentos para ni\u00f1os52\" itemprop=\"image\" height=\"683\" width=\"1024\" title=\"campamentos para ni\u00f1os52\" onerror=\"this.style.display='none'\">\n\t\t\t\t<\/a>\n\t\t\t\t<a href=\"https:\/\/campandrews.org\/wp-content\/uploads\/2022\/07\/hr7.jpg\" target=\"_self\" itemprop=\"url\" rel=\"noopener\">\n\t\t\t\t<img decoding=\"async\" src=\"https:\/\/campandrews.org\/wp-content\/uploads\/2022\/07\/hr7.jpg\" alt=\"cursos de cuerdas\" itemprop=\"image\" height=\"424\" width=\"639\" title=\"cursos de cuerdas\" onerror=\"this.style.display='none'\">\n\t\t\t\t<\/a>\n\t\t\t\t<a href=\"https:\/\/campandrews.org\/wp-content\/uploads\/2022\/07\/kids-camps16.jpg\" target=\"_self\" itemprop=\"url\" rel=\"noopener\">\n\t\t\t\t<img decoding=\"async\" src=\"https:\/\/campandrews.org\/wp-content\/uploads\/2022\/07\/kids-camps16-683x1024.jpg\" alt=\"campamentos para ni\u00f1os16\" itemprop=\"image\" height=\"1024\" width=\"683\" title=\"campamentos para ni\u00f1os16\" onerror=\"this.style.display='none'\">\n\t\t\t\t<\/a>\n\n","protected":false},"excerpt":{"rendered":"<p>Cursos de cuerdas de desaf\u00edo A primera vista, un circuito de cuerdas de desaf\u00edo, con todos sus cables, cuerdas, \u00e1rboles, troncos y postes de tel\u00e9fono parece una carrera de obst\u00e1culos. Pero, a diferencia de una carrera de obst\u00e1culos, sus elementos no se utilizan para el acondicionamiento f\u00edsico o la competici\u00f3n con otros. En el campamento&hellip;<\/p>\n","protected":false},"author":4,"featured_media":739,"parent":0,"menu_order":0,"comment_status":"closed","ping_status":"closed","template":"","meta":{"footnotes":""},"class_list":["post-1021","page","type-page","status-publish","has-post-thumbnail","hentry"],"_links":{"self":[{"href":"https:\/\/campandrews.org\/es\/wp-json\/wp\/v2\/pages\/1021","targetHints":{"allow":["GET"]}}],"collection":[{"href":"https:\/\/campandrews.org\/es\/wp-json\/wp\/v2\/pages"}],"about":[{"href":"https:\/\/campandrews.org\/es\/wp-json\/wp\/v2\/types\/page"}],"author":[{"embeddable":true,"href":"https:\/\/campandrews.org\/es\/wp-json\/wp\/v2\/users\/4"}],"replies":[{"embeddable":true,"href":"https:\/\/campandrews.org\/es\/wp-json\/wp\/v2\/comments?post=1021"}],"version-history":[{"count":1,"href":"https:\/\/campandrews.org\/es\/wp-json\/wp\/v2\/pages\/1021\/revisions"}],"predecessor-version":[{"id":1088,"href":"https:\/\/campandrews.org\/es\/wp-json\/wp\/v2\/pages\/1021\/revisions\/1088"}],"wp:featuredmedia":[{"embeddable":true,"href":"https:\/\/campandrews.org\/es\/wp-json\/wp\/v2\/media\/739"}],"wp:attachment":[{"href":"https:\/\/campandrews.org\/es\/wp-json\/wp\/v2\/media?parent=1021"}],"curies":[{"name":"wp","href":"https:\/\/api.w.org\/{rel}","templated":true}]}}