{"id":997,"date":"2022-07-14T17:45:02","date_gmt":"2022-07-14T21:45:02","guid":{"rendered":"https:\/\/campandrews.org\/acerca-de\/historia\/"},"modified":"2022-08-10T22:09:24","modified_gmt":"2022-08-10T22:09:24","slug":"historia","status":"publish","type":"page","link":"https:\/\/campandrews.org\/es\/acerca-de\/historia\/","title":{"rendered":"Historia"},"content":{"rendered":"\n<h1>\n  Historia de Camp Andrews\n\t<\/h1>\n\t<p>Todo comenz\u00f3 a mediados de la d\u00e9cada de 1940, cuando un miembro de la Iglesia Reformada de San Pablo en Lancaster, Harry Andrews, tuvo la visi\u00f3n de iniciar un campamento para ni\u00f1os de la ciudad de Lancaster. El campamento funcion\u00f3 como una instalaci\u00f3n \u00abs\u00f3lo de verano\u00bb durante su propiedad hasta principios de la d\u00e9cada de 1970.<\/p>\n<p>El 14 de mayo de 1973, la Misi\u00f3n Menonita de Baltimore compr\u00f3 la propiedad. Melvin Delp, Harold Burkholder y Clyde Weaver, todos ellos miembros de la iglesia menonita de Wilken&#8217;s Ave en Baltimore, tuvieron la visi\u00f3n de llevar a los j\u00f3venes de la ciudad al condado de Lancaster. Dios estaba alcanzando los corazones de los j\u00f3venes que ven\u00edan a Youth Haven, pero se necesitaba m\u00e1s discipulado.<\/p>\n<p>En un principio buscaron una \u00abgranja de trabajo\u00bb para que los chicos tuvieran un lugar donde aprender buenas habilidades de trabajo, adem\u00e1s de recibir formaci\u00f3n espiritual. En su lugar, encontraron un campo que compraron por 75.000 d\u00f3lares.<\/p>\n\t<p>En 1983, debido a la presi\u00f3n financiera y organizativa que el campamento estaba ejerciendo sobre la Misi\u00f3n de Baltimore, se form\u00f3 la Asociaci\u00f3n del Campamento Andrews con su propia junta y estructura. La propiedad fue transferida y el primer director a tiempo completo, Wesley Nolt, fue contratado en 1984. Los edificios se acondicionaron para el invierno, y el uso del campamento aument\u00f3 en gran medida cuando otros ministerios e iglesias urbanas comenzaron a alquilarlo.<\/p>\n<p>En 1993, se contrat\u00f3 a un nuevo director, Phil Herschberger. En los a\u00f1os siguientes se a\u00f1adieron varias instalaciones nuevas. En 1996 se construy\u00f3 un nuevo taller de mantenimiento y la mayor\u00eda de los edificios se actualizaron, incluyendo mobiliario y nuevos revestimientos.<\/p>\n<p>El actual comedor, Pine View Lodge, se termin\u00f3 de construir en 2001. En 2003, el n\u00famero de j\u00f3venes que acud\u00edan al campamento se hab\u00eda triplicado con creces (desde 1993), hasta llegar a cerca de 5.000 cada a\u00f1o.<\/p>\n\t<p>En 2007 y 2009 se construyeron una nueva casa de ba\u00f1os para la piscina y un gimnasio, respectivamente. En 2006 se inici\u00f3 un programa de viajes a la naturaleza, centrado en llegar a los j\u00f3venes que hab\u00edan superado el campamento. En 2009 se realizaron treinta y tres viajes, y el programa de viajes termin\u00f3 varios a\u00f1os despu\u00e9s.<\/p>\n<p>En 2017, Marcus Beiler ejerci\u00f3 como director temporal durante dos a\u00f1os hasta que Benji Wagler asumi\u00f3 el papel en 2019. El antiguo Millhouse fue reemplazado en 2019 y ampliado para ser Creek View Lodge.<\/p>\n<p>Desde el principio hasta el presente, a trav\u00e9s de todos los cambios y el crecimiento del programa y las instalaciones, la visi\u00f3n y el prop\u00f3sito del Campamento Andrews han permanecido claros como el cristal: presentar a los j\u00f3venes urbanos a Jes\u00fas.<\/p>\n\t<a href=\"https:\/\/campandrews.org\/es\/acerca-de\/personal\/\" target=\"_self\" aria-label=\"Go to \/about\/staff\/\" rel=\"noopener\"><\/a>\n\t\t\t\t<img decoding=\"async\" src=\"https:\/\/campandrews.org\/wp-content\/uploads\/bb-plugin\/cache\/general-camp9-150x150-square.jpg\" alt=\"campamento general9\" title=\"campamento general9\" itemprop=\"image\">\n\t\t<h3>Personal<\/h3>\t\t\t\n\t<a href=\"https:\/\/campandrews.org\/es\/instalaciones\/\" target=\"_self\" aria-label=\"Go to \/facilities\/\" rel=\"noopener\"><\/a>\n\t\t\t\t<img decoding=\"async\" src=\"https:\/\/campandrews.org\/wp-content\/uploads\/bb-plugin\/cache\/oak-view-lodge3-300x200-square.jpg\" alt=\"oak view lodge3\" title=\"oak view lodge3\" itemprop=\"image\">\n\t\t<h3>Instalaciones<\/h3>\t\t\t\n\t<a href=\"https:\/\/campandrews.org\/wp-content\/uploads\/2022\/07\/guest-policies.pdf\" target=\"_blank\" rel=\"noopener\" aria-label=\"Go to https:\/\/campandrews.org\/wp-content\/uploads\/2022\/07\/guest-policies.pdf\"><\/a>\n\t\t\t\t<img decoding=\"async\" src=\"https:\/\/campandrews.org\/wp-content\/uploads\/bb-plugin\/cache\/general-camp1-200x300-square.jpg\" alt=\"campamento general1\" title=\"campamento general1\" itemprop=\"image\">\n\t\t<h3>Pol\u00edticas<\/h3>\t\t\t\n\t<a href=\"https:\/\/campandrews.org\/es\/contacto\/formularios-y-documentos\/\" target=\"_self\" aria-label=\"Go to \/contact\/forms\/\" rel=\"noopener\"><\/a>\n\t\t\t\t<img decoding=\"async\" src=\"https:\/\/campandrews.org\/wp-content\/uploads\/bb-plugin\/cache\/kids-camps12-300x200-square.jpg\" alt=\"campamentos para ni\u00f1os12\" title=\"campamentos para ni\u00f1os12\" itemprop=\"image\">\n\t\t<h3>Formularios<\/h3>\t\t\t\n\t<a href=\"https:\/\/campandrews.org\/es\/asociaciones\/\" target=\"_self\" aria-label=\"Go to \/partnerships\/\" rel=\"noopener\"><\/a>\n\t\t\t\t<img decoding=\"async\" src=\"https:\/\/campandrews.org\/wp-content\/uploads\/bb-plugin\/cache\/kids-camps51-300x200-square.jpg\" alt=\"campamentos para ni\u00f1os51\" title=\"campamentos para ni\u00f1os51\" itemprop=\"image\">\n\t\t<h3>Asociaciones<\/h3>\t\t\t\n\t<a href=\"https:\/\/campandrews.org\/es\/galeria-de-fotos\/\" target=\"_self\" aria-label=\"Go to \/photo-gallery\/\" rel=\"noopener\"><\/a>\n\t\t\t\t<img decoding=\"async\" src=\"https:\/\/campandrews.org\/wp-content\/uploads\/bb-plugin\/cache\/kids-camps26-300x200-square.jpg\" alt=\"campamentos para ni\u00f1os26\" title=\"campamentos para ni\u00f1os26\" itemprop=\"image\">\n\t\t<h3>Galer\u00eda de fotos<\/h3>\t\t\t\n\n","protected":false},"excerpt":{"rendered":"<p>Historia de Camp Andrews Todo comenz\u00f3 a mediados de la d\u00e9cada de 1940, cuando un miembro de la Iglesia Reformada de San Pablo en Lancaster, Harry Andrews, tuvo la visi\u00f3n de iniciar un campamento para ni\u00f1os de la ciudad de Lancaster. El campamento funcion\u00f3 como una instalaci\u00f3n \u00abs\u00f3lo de verano\u00bb durante su propiedad hasta principios&hellip;<\/p>\n","protected":false},"author":4,"featured_media":0,"parent":995,"menu_order":0,"comment_status":"closed","ping_status":"closed","template":"","meta":{"footnotes":""},"class_list":["post-997","page","type-page","status-publish","hentry"],"_links":{"self":[{"href":"https:\/\/campandrews.org\/es\/wp-json\/wp\/v2\/pages\/997","targetHints":{"allow":["GET"]}}],"collection":[{"href":"https:\/\/campandrews.org\/es\/wp-json\/wp\/v2\/pages"}],"about":[{"href":"https:\/\/campandrews.org\/es\/wp-json\/wp\/v2\/types\/page"}],"author":[{"embeddable":true,"href":"https:\/\/campandrews.org\/es\/wp-json\/wp\/v2\/users\/4"}],"replies":[{"embeddable":true,"href":"https:\/\/campandrews.org\/es\/wp-json\/wp\/v2\/comments?post=997"}],"version-history":[{"count":2,"href":"https:\/\/campandrews.org\/es\/wp-json\/wp\/v2\/pages\/997\/revisions"}],"predecessor-version":[{"id":1089,"href":"https:\/\/campandrews.org\/es\/wp-json\/wp\/v2\/pages\/997\/revisions\/1089"}],"up":[{"embeddable":true,"href":"https:\/\/campandrews.org\/es\/wp-json\/wp\/v2\/pages\/995"}],"wp:attachment":[{"href":"https:\/\/campandrews.org\/es\/wp-json\/wp\/v2\/media?parent=997"}],"curies":[{"name":"wp","href":"https:\/\/api.w.org\/{rel}","templated":true}]}}